{"id":15,"date":"2025-04-13T23:33:41","date_gmt":"2025-04-13T23:33:41","guid":{"rendered":"https:\/\/ontrackdrivings.com\/?page_id=15"},"modified":"2025-11-29T21:47:55","modified_gmt":"2025-11-30T02:47:55","slug":"nosotros","status":"publish","type":"page","link":"https:\/\/ontrackdrivings.com\/es\/nosotros\/","title":{"rendered":"NOSOTROS"},"content":{"rendered":"<div data-elementor-type=\"wp-page\" data-elementor-id=\"15\" class=\"elementor elementor-15\">\n\t\t\t\t<div class=\"elementor-element elementor-element-ef2ec28 e-grid e-con-full elementor-hidden-tablet elementor-hidden-mobile e-con e-parent\" data-id=\"ef2ec28\" data-element_type=\"container\">\n\t\t<div class=\"elementor-element elementor-element-e14469d e-flex e-con-boxed e-con e-child\" data-id=\"e14469d\" data-element_type=\"container\">\n\t\t\t\t\t<div class=\"e-con-inner\">\n\t\t\t\t\t<\/div>\n\t\t\t\t<\/div>\n\t\t<div class=\"elementor-element elementor-element-ce9a618 e-con-full e-flex e-con e-child\" data-id=\"ce9a618\" data-element_type=\"container\">\n\t\t\t\t<div class=\"elementor-element elementor-element-0399ac7 elementor-widget elementor-widget-heading\" data-id=\"0399ac7\" data-element_type=\"widget\" data-widget_type=\"heading.default\">\n\t\t\t\t<div class=\"elementor-widget-container\">\n\t\t\t\t\t<h2 class=\"elementor-heading-title elementor-size-default\">Bienvenido a<\/h2>\t\t\t\t<\/div>\n\t\t\t\t<\/div>\n\t\t\t\t<div class=\"elementor-element elementor-element-48bf7a0 elementor-widget elementor-widget-heading\" data-id=\"48bf7a0\" data-element_type=\"widget\" data-widget_type=\"heading.default\">\n\t\t\t\t<div class=\"elementor-widget-container\">\n\t\t\t\t\t<h2 class=\"elementor-heading-title elementor-size-default\">Ontrack Driving School\u200b<\/h2>\t\t\t\t<\/div>\n\t\t\t\t<\/div>\n\t\t\t\t<div class=\"elementor-element elementor-element-b5c045a elementor-widget elementor-widget-text-editor\" data-id=\"b5c045a\" data-element_type=\"widget\" data-widget_type=\"text-editor.default\">\n\t\t\t\t<div class=\"elementor-widget-container\">\n\t\t\t\t\t\t\t\t\t<p>En On Track Driving School, creemos que aprender a conducir va m\u00e1s all\u00e1 de simplemente aprobar un examen: se trata de desarrollar confianza, seguridad e independencia al volante. Fundada por Joan y Alejandra, un equipo comprometido de esposos, nuestra misi\u00f3n es ofrecer una instrucci\u00f3n paciente, profesional y personalizada a cada estudiante.<\/p><p>Como una escuela de conducci\u00f3n biling\u00fce, ofrecemos con orgullo clases tanto en ingl\u00e9s como en espa\u00f1ol para servir mejor a la diversa comunidad del condado de Mercer. Con ra\u00edces en la comunidad y a\u00f1os de experiencia, comprendemos los desaf\u00edos que enfrentan los nuevos conductores y estamos aqu\u00ed para guiarlos en cada paso del camino.<\/p><p>Ya sea que est\u00e9s aprendiendo a conducir por primera vez o necesites reforzar tus habilidades antes del examen pr\u00e1ctico, adaptamos nuestro enfoque para satisfacer tus necesidades. Ofrecemos horarios flexibles, una flota moderna de veh\u00edculos e instructores experimentados y amables, comprometidos con tu \u00e9xito.<\/p><p>En On Track Driving School, tu camino comienza aqu\u00ed\u2014y te acompa\u00f1amos en cada kil\u00f3metro.<\/p>\t\t\t\t\t\t\t\t<\/div>\n\t\t\t\t<\/div>\n\t\t\t\t<\/div>\n\t\t\t\t<\/div>\n\t\t<div class=\"elementor-element elementor-element-68a4d01 e-grid e-con-full elementor-hidden-widescreen elementor-hidden-desktop elementor-hidden-laptop elementor-hidden-tablet e-con e-parent\" data-id=\"68a4d01\" data-element_type=\"container\">\n\t\t<div class=\"elementor-element elementor-element-7d78969 e-flex e-con-boxed e-con e-child\" data-id=\"7d78969\" data-element_type=\"container\" data-settings=\"{&quot;background_background&quot;:&quot;classic&quot;}\">\n\t\t\t\t\t<div class=\"e-con-inner\">\n\t\t<div class=\"elementor-element elementor-element-3fb753a e-con-full e-flex e-con e-child\" data-id=\"3fb753a\" data-element_type=\"container\">\n\t\t\t\t<\/div>\n\t\t\t\t\t<\/div>\n\t\t\t\t<\/div>\n\t\t<div class=\"elementor-element elementor-element-544c128 e-con-full e-flex e-con e-child\" data-id=\"544c128\" data-element_type=\"container\">\n\t\t\t\t<div class=\"elementor-element elementor-element-0b156a4 elementor-widget elementor-widget-heading\" data-id=\"0b156a4\" data-element_type=\"widget\" data-widget_type=\"heading.default\">\n\t\t\t\t<div class=\"elementor-widget-container\">\n\t\t\t\t\t<h2 class=\"elementor-heading-title elementor-size-default\">Bienvenido a<\/h2>\t\t\t\t<\/div>\n\t\t\t\t<\/div>\n\t\t\t\t<div class=\"elementor-element elementor-element-7848044 elementor-widget elementor-widget-heading\" data-id=\"7848044\" data-element_type=\"widget\" data-widget_type=\"heading.default\">\n\t\t\t\t<div class=\"elementor-widget-container\">\n\t\t\t\t\t<h2 class=\"elementor-heading-title elementor-size-default\">Ontrack Driving School\u200b<\/h2>\t\t\t\t<\/div>\n\t\t\t\t<\/div>\n\t\t\t\t<div class=\"elementor-element elementor-element-4f0dd07 elementor-hidden-widescreen elementor-hidden-desktop elementor-hidden-laptop elementor-widget elementor-widget-text-editor\" data-id=\"4f0dd07\" data-element_type=\"widget\" data-widget_type=\"text-editor.default\">\n\t\t\t\t<div class=\"elementor-widget-container\">\n\t\t\t\t\t\t\t\t\t<p>En On Track Driving School, creemos que aprender a conducir va m\u00e1s all\u00e1 de simplemente aprobar un examen: se trata de desarrollar confianza, seguridad e independencia al volante. Fundada por Joan y Alejandra, un equipo comprometido de esposos, nuestra misi\u00f3n es ofrecer una instrucci\u00f3n paciente, profesional y personalizada a cada estudiante.<\/p><p>Como una escuela de conducci\u00f3n biling\u00fce, ofrecemos con orgullo clases tanto en ingl\u00e9s como en espa\u00f1ol para servir mejor a la diversa comunidad del condado de Mercer. Con ra\u00edces en la comunidad y a\u00f1os de experiencia, comprendemos los desaf\u00edos que enfrentan los nuevos conductores y estamos aqu\u00ed para guiarlos en cada paso del camino.<\/p><p>Ya sea que est\u00e9s aprendiendo a conducir por primera vez o necesites reforzar tus habilidades antes del examen pr\u00e1ctico, adaptamos nuestro enfoque para satisfacer tus necesidades. Ofrecemos horarios flexibles, una flota moderna de veh\u00edculos e instructores experimentados y amables, comprometidos con tu \u00e9xito.<\/p><p>En On Track Driving School, tu camino comienza aqu\u00ed\u2014y te acompa\u00f1amos en cada kil\u00f3metro.<\/p>\t\t\t\t\t\t\t\t<\/div>\n\t\t\t\t<\/div>\n\t\t\t\t<\/div>\n\t\t\t\t<\/div>\n\t\t<div class=\"elementor-element elementor-element-587cfb7 e-grid e-con-full elementor-hidden-widescreen elementor-hidden-desktop elementor-hidden-laptop elementor-hidden-mobile e-con e-parent\" data-id=\"587cfb7\" data-element_type=\"container\">\n\t\t<div class=\"elementor-element elementor-element-4368762 e-flex e-con-boxed e-con e-child\" data-id=\"4368762\" data-element_type=\"container\">\n\t\t\t\t\t<div class=\"e-con-inner\">\n\t\t\t\t\t<\/div>\n\t\t\t\t<\/div>\n\t\t<div class=\"elementor-element elementor-element-88e7692 e-con-full e-flex e-con e-child\" data-id=\"88e7692\" data-element_type=\"container\">\n\t\t\t\t<div class=\"elementor-element elementor-element-d4c6543 elementor-widget elementor-widget-heading\" data-id=\"d4c6543\" data-element_type=\"widget\" data-widget_type=\"heading.default\">\n\t\t\t\t<div class=\"elementor-widget-container\">\n\t\t\t\t\t<h2 class=\"elementor-heading-title elementor-size-default\">Bienvenidos a <\/h2>\t\t\t\t<\/div>\n\t\t\t\t<\/div>\n\t\t\t\t<div class=\"elementor-element elementor-element-850711b elementor-widget elementor-widget-heading\" data-id=\"850711b\" data-element_type=\"widget\" data-widget_type=\"heading.default\">\n\t\t\t\t<div class=\"elementor-widget-container\">\n\t\t\t\t\t<h2 class=\"elementor-heading-title elementor-size-default\">Ontrack Driving School\u200b<\/h2>\t\t\t\t<\/div>\n\t\t\t\t<\/div>\n\t\t\t\t<div class=\"elementor-element elementor-element-665af06 elementor-hidden-widescreen elementor-hidden-desktop elementor-hidden-laptop elementor-hidden-mobile elementor-widget elementor-widget-text-editor\" data-id=\"665af06\" data-element_type=\"widget\" data-widget_type=\"text-editor.default\">\n\t\t\t\t<div class=\"elementor-widget-container\">\n\t\t\t\t\t\t\t\t\t<p>En On Track Driving School, creemos que aprender a conducir es mucho m\u00e1s que aprobar un examen: se trata de construir confianza, seguridad e independencia en la carretera. Fundada por Joan y Alejandra, un equipo dedicado de esposos, nuestra misi\u00f3n es ofrecer una instrucci\u00f3n paciente, profesional y personalizada a cada estudiante.<\/p><p>Como escuela de manejo biling\u00fce, ofrecemos con orgullo clases en ingl\u00e9s y espa\u00f1ol para servir mejor a la diversa comunidad del Condado de Mercer. Con ra\u00edces en la comunidad y a\u00f1os de experiencia, entendemos los desaf\u00edos que enfrentan los nuevos conductores y estamos aqu\u00ed para guiarlos en cada paso del camino.<\/p><p>Ya sea que est\u00e9s aprendiendo a conducir por primera vez o necesites un repaso antes del examen pr\u00e1ctico, adaptamos nuestro enfoque para satisfacer tus necesidades. Ofrecemos horarios flexibles, una flota moderna de veh\u00edculos e instructores experimentados y amigables comprometidos con tu \u00e9xito.<\/p><p>En On Track Driving School, tu viaje comienza aqu\u00ed y te acompa\u00f1amos en cada kil\u00f3metro.<\/p>\t\t\t\t\t\t\t\t<\/div>\n\t\t\t\t<\/div>\n\t\t\t\t<\/div>\n\t\t\t\t<\/div>\n\t\t<div class=\"elementor-element elementor-element-a11e895 e-grid e-con-boxed e-con e-parent\" data-id=\"a11e895\" data-element_type=\"container\" data-settings=\"{&quot;background_background&quot;:&quot;classic&quot;}\">\n\t\t\t\t\t<div class=\"e-con-inner\">\n\t\t\t\t<div class=\"elementor-element elementor-element-b9ca5b7 elementor-widget elementor-widget-heading\" data-id=\"b9ca5b7\" data-element_type=\"widget\" data-widget_type=\"heading.default\">\n\t\t\t\t<div class=\"elementor-widget-container\">\n\t\t\t\t\t<h2 class=\"elementor-heading-title elementor-size-default\">Visita nuestra oficina:<\/h2>\t\t\t\t<\/div>\n\t\t\t\t<\/div>\n\t\t\t\t<div class=\"elementor-element elementor-element-20db665 elementor-align-start elementor-icon-list--layout-traditional elementor-list-item-link-full_width elementor-widget elementor-widget-icon-list\" data-id=\"20db665\" data-element_type=\"widget\" data-widget_type=\"icon-list.default\">\n\t\t\t\t<div class=\"elementor-widget-container\">\n\t\t\t\t\t\t\t<ul class=\"elementor-icon-list-items\">\n\t\t\t\t\t\t\t<li class=\"elementor-icon-list-item\">\n\t\t\t\t\t\t\t\t\t\t\t<span class=\"elementor-icon-list-icon\">\n\t\t\t\t\t\t\t<svg aria-hidden=\"true\" class=\"e-font-icon-svg e-fas-map-marked-alt\" viewbox=\"0 0 576 512\" xmlns=\"http:\/\/www.w3.org\/2000\/svg\"><path d=\"M288 0c-69.59 0-126 56.41-126 126 0 56.26 82.35 158.8 113.9 196.02 6.39 7.54 17.82 7.54 24.2 0C331.65 284.8 414 182.26 414 126 414 56.41 357.59 0 288 0zm0 168c-23.2 0-42-18.8-42-42s18.8-42 42-42 42 18.8 42 42-18.8 42-42 42zM20.12 215.95A32.006 32.006 0 0 0 0 245.66v250.32c0 11.32 11.43 19.06 21.94 14.86L160 448V214.92c-8.84-15.98-16.07-31.54-21.25-46.42L20.12 215.95zM288 359.67c-14.07 0-27.38-6.18-36.51-16.96-19.66-23.2-40.57-49.62-59.49-76.72v182l192 64V266c-18.92 27.09-39.82 53.52-59.49 76.72-9.13 10.77-22.44 16.95-36.51 16.95zm266.06-198.51L416 224v288l139.88-55.95A31.996 31.996 0 0 0 576 426.34V176.02c0-11.32-11.43-19.06-21.94-14.86z\"><\/path><\/svg>\t\t\t\t\t\t<\/span>\n\t\t\t\t\t\t\t\t\t\t<span class=\"elementor-icon-list-text\">200 Genesee St Trenton, NJ 08611<\/span>\n\t\t\t\t\t\t\t\t\t<\/li>\n\t\t\t\t\t\t<\/ul>\n\t\t\t\t\t\t<\/div>\n\t\t\t\t<\/div>\n\t\t\t\t\t<\/div>\n\t\t\t\t<\/div>\n\t\t\t\t<\/div>","protected":false},"excerpt":{"rendered":"<p>Welcome to Ontrack Driving School\u200b At On Track Driving School, we believe learning to drive is more than just passing [&hellip;]<\/p>","protected":false},"author":1,"featured_media":0,"parent":0,"menu_order":0,"comment_status":"closed","ping_status":"closed","template":"","meta":{"site-sidebar-layout":"no-sidebar","site-content-layout":"","ast-site-content-layout":"full-width-container","site-content-style":"default","site-sidebar-style":"default","ast-global-header-display":"","ast-banner-title-visibility":"","ast-main-header-display":"","ast-hfb-above-header-display":"","ast-hfb-below-header-display":"","ast-hfb-mobile-header-display":"","site-post-title":"","ast-breadcrumbs-content":"","ast-featured-img":"disabled","footer-sml-layout":"","theme-transparent-header-meta":"default","adv-header-id-meta":"","stick-header-meta":"","header-above-stick-meta":"","header-main-stick-meta":"","header-below-stick-meta":"","astra-migrate-meta-layouts":"set","ast-page-background-enabled":"default","ast-page-background-meta":{"desktop":{"background-color":"var(--ast-global-color-5)","background-image":"","background-repeat":"repeat","background-position":"center center","background-size":"auto","background-attachment":"scroll","background-type":"","background-media":"","overlay-type":"","overlay-color":"","overlay-opacity":"","overlay-gradient":""},"tablet":{"background-color":"","background-image":"","background-repeat":"repeat","background-position":"center center","background-size":"auto","background-attachment":"scroll","background-type":"","background-media":"","overlay-type":"","overlay-color":"","overlay-opacity":"","overlay-gradient":""},"mobile":{"background-color":"","background-image":"","background-repeat":"repeat","background-position":"center center","background-size":"auto","background-attachment":"scroll","background-type":"","background-media":"","overlay-type":"","overlay-color":"","overlay-opacity":"","overlay-gradient":""}},"ast-content-background-meta":{"desktop":{"background-color":"var(--ast-global-color-4)","background-image":"","background-repeat":"repeat","background-position":"center center","background-size":"auto","background-attachment":"scroll","background-type":"","background-media":"","overlay-type":"","overlay-color":"","overlay-opacity":"","overlay-gradient":""},"tablet":{"background-color":"var(--ast-global-color-4)","background-image":"","background-repeat":"repeat","background-position":"center center","background-size":"auto","background-attachment":"scroll","background-type":"","background-media":"","overlay-type":"","overlay-color":"","overlay-opacity":"","overlay-gradient":""},"mobile":{"background-color":"var(--ast-global-color-4)","background-image":"","background-repeat":"repeat","background-position":"center center","background-size":"auto","background-attachment":"scroll","background-type":"","background-media":"","overlay-type":"","overlay-color":"","overlay-opacity":"","overlay-gradient":""}},"_joinchat":[],"footnotes":""},"class_list":["post-15","page","type-page","status-publish","hentry"],"yoast_head":"<!-- This site is optimized with the Yoast SEO plugin v26.7 - https:\/\/yoast.com\/wordpress\/plugins\/seo\/ -->\n<title>About Us -<\/title>\n<meta name=\"robots\" content=\"index, follow, max-snippet:-1, max-image-preview:large, max-video-preview:-1\" \/>\n<link rel=\"canonical\" href=\"https:\/\/ontrackdrivings.com\/es\/nosotros\/\" \/>\n<meta property=\"og:locale\" content=\"es_ES\" \/>\n<meta property=\"og:type\" content=\"article\" \/>\n<meta property=\"og:title\" content=\"About Us -\" \/>\n<meta property=\"og:description\" content=\"Welcome to Ontrack Driving School\u200b At On Track Driving School, we believe learning to drive is more than just passing [&hellip;]\" \/>\n<meta property=\"og:url\" content=\"https:\/\/ontrackdrivings.com\/es\/nosotros\/\" \/>\n<meta property=\"article:modified_time\" content=\"2025-11-30T02:47:55+00:00\" \/>\n<meta property=\"og:image\" content=\"https:\/\/ontrackdrivings.com\/wp-content\/uploads\/2025\/04\/LOGO-ON-TRACK-scaled.png\" \/>\n\t<meta property=\"og:image:width\" content=\"2560\" \/>\n\t<meta property=\"og:image:height\" content=\"2560\" \/>\n\t<meta property=\"og:image:type\" content=\"image\/png\" \/>\n<meta name=\"twitter:card\" content=\"summary_large_image\" \/>\n<meta name=\"twitter:label1\" content=\"Tiempo de lectura\" \/>\n\t<meta name=\"twitter:data1\" content=\"3 minutos\" \/>\n<script type=\"application\/ld+json\" class=\"yoast-schema-graph\">{\"@context\":\"https:\/\/schema.org\",\"@graph\":[{\"@type\":\"WebPage\",\"@id\":\"https:\/\/ontrackdrivings.com\/nosotros\/\",\"url\":\"https:\/\/ontrackdrivings.com\/nosotros\/\",\"name\":\"About Us -\",\"isPartOf\":{\"@id\":\"https:\/\/ontrackdrivings.com\/#website\"},\"datePublished\":\"2025-04-13T23:33:41+00:00\",\"dateModified\":\"2025-11-30T02:47:55+00:00\",\"breadcrumb\":{\"@id\":\"https:\/\/ontrackdrivings.com\/nosotros\/#breadcrumb\"},\"inLanguage\":\"es\",\"potentialAction\":[{\"@type\":\"ReadAction\",\"target\":[\"https:\/\/ontrackdrivings.com\/nosotros\/\"]}]},{\"@type\":\"BreadcrumbList\",\"@id\":\"https:\/\/ontrackdrivings.com\/nosotros\/#breadcrumb\",\"itemListElement\":[{\"@type\":\"ListItem\",\"position\":1,\"name\":\"Inicio\",\"item\":\"https:\/\/ontrackdrivings.com\/\"},{\"@type\":\"ListItem\",\"position\":2,\"name\":\"About Us\"}]},{\"@type\":\"WebSite\",\"@id\":\"https:\/\/ontrackdrivings.com\/#website\",\"url\":\"https:\/\/ontrackdrivings.com\/\",\"name\":\"ontrackdrivings.com\",\"description\":\"\",\"publisher\":{\"@id\":\"https:\/\/ontrackdrivings.com\/#organization\"},\"potentialAction\":[{\"@type\":\"SearchAction\",\"target\":{\"@type\":\"EntryPoint\",\"urlTemplate\":\"https:\/\/ontrackdrivings.com\/?s={search_term_string}\"},\"query-input\":{\"@type\":\"PropertyValueSpecification\",\"valueRequired\":true,\"valueName\":\"search_term_string\"}}],\"inLanguage\":\"es\"},{\"@type\":\"Organization\",\"@id\":\"https:\/\/ontrackdrivings.com\/#organization\",\"name\":\"ontrackdrivings.com\",\"url\":\"https:\/\/ontrackdrivings.com\/\",\"logo\":{\"@type\":\"ImageObject\",\"inLanguage\":\"es\",\"@id\":\"https:\/\/ontrackdrivings.com\/#\/schema\/logo\/image\/\",\"url\":\"https:\/\/ontrackdrivings.com\/wp-content\/uploads\/2025\/04\/cropped-LOGO-ON-TRACK-sn-fondo_Mesa-de-trabajo-1-scaled.png\",\"contentUrl\":\"https:\/\/ontrackdrivings.com\/wp-content\/uploads\/2025\/04\/cropped-LOGO-ON-TRACK-sn-fondo_Mesa-de-trabajo-1-scaled.png\",\"width\":2560,\"height\":853,\"caption\":\"ontrackdrivings.com\"},\"image\":{\"@id\":\"https:\/\/ontrackdrivings.com\/#\/schema\/logo\/image\/\"}}]}<\/script>\n<!-- \/ Yoast SEO plugin. -->","yoast_head_json":{"title":"About Us -","robots":{"index":"index","follow":"follow","max-snippet":"max-snippet:-1","max-image-preview":"max-image-preview:large","max-video-preview":"max-video-preview:-1"},"canonical":"https:\/\/ontrackdrivings.com\/es\/nosotros\/","og_locale":"es_ES","og_type":"article","og_title":"About Us -","og_description":"Welcome to Ontrack Driving School\u200b At On Track Driving School, we believe learning to drive is more than just passing [&hellip;]","og_url":"https:\/\/ontrackdrivings.com\/es\/nosotros\/","article_modified_time":"2025-11-30T02:47:55+00:00","og_image":[{"width":2560,"height":2560,"url":"https:\/\/ontrackdrivings.com\/wp-content\/uploads\/2025\/04\/LOGO-ON-TRACK-scaled.png","type":"image\/png"}],"twitter_card":"summary_large_image","twitter_misc":{"Tiempo de lectura":"3 minutos"},"schema":{"@context":"https:\/\/schema.org","@graph":[{"@type":"WebPage","@id":"https:\/\/ontrackdrivings.com\/nosotros\/","url":"https:\/\/ontrackdrivings.com\/nosotros\/","name":"About Us -","isPartOf":{"@id":"https:\/\/ontrackdrivings.com\/#website"},"datePublished":"2025-04-13T23:33:41+00:00","dateModified":"2025-11-30T02:47:55+00:00","breadcrumb":{"@id":"https:\/\/ontrackdrivings.com\/nosotros\/#breadcrumb"},"inLanguage":"es","potentialAction":[{"@type":"ReadAction","target":["https:\/\/ontrackdrivings.com\/nosotros\/"]}]},{"@type":"BreadcrumbList","@id":"https:\/\/ontrackdrivings.com\/nosotros\/#breadcrumb","itemListElement":[{"@type":"ListItem","position":1,"name":"Inicio","item":"https:\/\/ontrackdrivings.com\/"},{"@type":"ListItem","position":2,"name":"About Us"}]},{"@type":"WebSite","@id":"https:\/\/ontrackdrivings.com\/#website","url":"https:\/\/ontrackdrivings.com\/","name":"ontrackdrivings.com","description":"","publisher":{"@id":"https:\/\/ontrackdrivings.com\/#organization"},"potentialAction":[{"@type":"SearchAction","target":{"@type":"EntryPoint","urlTemplate":"https:\/\/ontrackdrivings.com\/?s={search_term_string}"},"query-input":{"@type":"PropertyValueSpecification","valueRequired":true,"valueName":"search_term_string"}}],"inLanguage":"es"},{"@type":"Organization","@id":"https:\/\/ontrackdrivings.com\/#organization","name":"ontrackdrivings.com","url":"https:\/\/ontrackdrivings.com\/","logo":{"@type":"ImageObject","inLanguage":"es","@id":"https:\/\/ontrackdrivings.com\/#\/schema\/logo\/image\/","url":"https:\/\/ontrackdrivings.com\/wp-content\/uploads\/2025\/04\/cropped-LOGO-ON-TRACK-sn-fondo_Mesa-de-trabajo-1-scaled.png","contentUrl":"https:\/\/ontrackdrivings.com\/wp-content\/uploads\/2025\/04\/cropped-LOGO-ON-TRACK-sn-fondo_Mesa-de-trabajo-1-scaled.png","width":2560,"height":853,"caption":"ontrackdrivings.com"},"image":{"@id":"https:\/\/ontrackdrivings.com\/#\/schema\/logo\/image\/"}}]}},"_hostinger_reach_plugin_has_subscription_block":false,"_hostinger_reach_plugin_is_elementor":false,"_links":{"self":[{"href":"https:\/\/ontrackdrivings.com\/es\/wp-json\/wp\/v2\/pages\/15","targetHints":{"allow":["GET"]}}],"collection":[{"href":"https:\/\/ontrackdrivings.com\/es\/wp-json\/wp\/v2\/pages"}],"about":[{"href":"https:\/\/ontrackdrivings.com\/es\/wp-json\/wp\/v2\/types\/page"}],"author":[{"embeddable":true,"href":"https:\/\/ontrackdrivings.com\/es\/wp-json\/wp\/v2\/users\/1"}],"replies":[{"embeddable":true,"href":"https:\/\/ontrackdrivings.com\/es\/wp-json\/wp\/v2\/comments?post=15"}],"version-history":[{"count":86,"href":"https:\/\/ontrackdrivings.com\/es\/wp-json\/wp\/v2\/pages\/15\/revisions"}],"predecessor-version":[{"id":2299,"href":"https:\/\/ontrackdrivings.com\/es\/wp-json\/wp\/v2\/pages\/15\/revisions\/2299"}],"wp:attachment":[{"href":"https:\/\/ontrackdrivings.com\/es\/wp-json\/wp\/v2\/media?parent=15"}],"curies":[{"name":"wp","href":"https:\/\/api.w.org\/{rel}","templated":true}]}}